{"id":6660,"date":"2013-05-31T11:58:45","date_gmt":"2013-05-31T08:58:45","guid":{"rendered":"https:\/\/www.adriaticheights.com\/floor-plans\/"},"modified":"2019-11-24T21:24:56","modified_gmt":"2019-11-24T18:24:56","slug":"kat-planlari","status":"publish","type":"page","link":"https:\/\/www.adriaticheights.com\/tr\/kat-planlari\/","title":{"rendered":"Kat Planlar\u0131"},"content":{"rendered":"<section class=\"l-section wpb_row height_huge color_primary with_img parallax_ver with_overlay\"><div class=\"l-section-img\" style=\"background-image: url(https:\/\/www.adriaticheights.com\/wp-content\/uploads\/2018\/12\/4-adriatic_heights_montenegro.jpg);\" data-img-width=\"1920\" data-img-height=\"1152\"><\/div><div class=\"l-section-overlay\" style=\"background: rgba(30,30,30,0.5)\"><\/div><div class=\"l-section-h i-cf\"><div class=\"g-cols vc_row type_default valign_top\"><div class=\"vc_col-sm-12 wpb_column vc_column_container\"><div class=\"vc_column-inner\"><div class=\"wpb_wrapper\">[vc_custom_heading text=&#8221;<strong>Kat Planlar\u0131<\/strong>&#8221; font_container=&#8221;tag:h1|font_size:60|text_align:center&#8221; use_theme_fonts=&#8221;yes&#8221; css=&#8221;%7B%22default%22%3A%7B%22font-size%22%3A%2260%22%7D%7D&#8221;]<div class=\"w-separator size_medium\"><\/div><\/div><\/div><\/div><\/div><\/div><\/section><section class=\"l-section wpb_row height_medium\"><div class=\"l-section-h i-cf\"><div class=\"g-cols vc_row type_default valign_top\"><div class=\"vc_col-sm-12 wpb_column vc_column_container\"><div class=\"vc_column-inner\"><div class=\"wpb_wrapper\"><div class=\"wpb_text_column\" ><div class=\"wpb_wrapper\"><p>L\u00fcks bir ya\u015fam tarz\u0131yla ger\u00e7ek kalitede daireler sunan Adriatic Heights&#8217;\u0131 sunmaktan gurur duyuyoruz!<\/p>\n<p>&#8220;Avrupa&#8217;n\u0131n incisi&#8221; olarak bilinen Montenegro&#8217;da size gelecek i\u00e7in g\u00fc\u00e7l\u00fc yat\u0131r\u0131mlar\u0131 ve an\u0131nda kazan\u00e7 potansiyelini sunuyor.<\/p>\n<p>Resmi olarak Mart 2019\u2019da piyasaya s\u00fcr\u00fclecek olan projemiz ile ilgili \u015fimdi Lansman \u00f6ncesi fiyatlar\u0131ndan yararlanmak i\u00e7in m\u00fckemmel bir zaman.<\/p>\n<p>E\u015fsiz konumu ile yat\u0131r\u0131mc\u0131lara modern bir ya\u015fam tarz\u0131n\u0131n tad\u0131n\u0131 \u00e7\u0131karma ve g\u00f6z al\u0131c\u0131 g\u00fczellikte bir do\u011fal ortamda olma \u015fans\u0131 sunuyor.<\/p>\n<p>Arkan\u0131za yaslan\u0131p Adriyatik Denizi \u00fczerinde muhte\u015fem g\u00fcn bat\u0131m\u0131n\u0131n tad\u0131n\u0131 \u00e7\u0131karabilece\u011finiz bir yer.<\/p>\n<\/div><\/div><div class=\"w-separator size_medium\"><\/div><div class=\"g-cols wpb_row  type_default valign_top vc_inner\"><div class=\"vc_col-sm-12 wpb_column vc_column_container\"><div class=\"vc_column-inner\"><div class=\"wpb_wrapper\"><div class=\"w-image align_center animate_fade\" style=\"animation-delay:0.2s\"><a href=\"https:\/\/www.adriaticheights.com\/wp-content\/uploads\/2019\/11\/1-1a-1.jpg\" ref=\"magnificPopup\" aria-label=\"Ba\u011flant\u0131\" class=\"w-image-h\"><img width=\"1024\" height=\"500\" src=\"https:\/\/www.adriaticheights.com\/wp-content\/uploads\/2019\/11\/1-1a-1.jpg\" class=\"attachment-large size-large\" alt=\"\" loading=\"lazy\" srcset=\"https:\/\/www.adriaticheights.com\/wp-content\/uploads\/2019\/11\/1-1a-1.jpg 1024w, https:\/\/www.adriaticheights.com\/wp-content\/uploads\/2019\/11\/1-1a-1-300x146.jpg 300w, https:\/\/www.adriaticheights.com\/wp-content\/uploads\/2019\/11\/1-1a-1-600x293.jpg 600w\" sizes=\"(max-width: 1024px) 100vw, 1024px\" \/><\/a><\/div><\/div><\/div><\/div><\/div><div class=\"g-cols wpb_row  type_default valign_top vc_inner\"><div class=\"vc_col-sm-12 wpb_column vc_column_container\"><div class=\"vc_column-inner\"><div class=\"wpb_wrapper\"><div class=\"w-image align_center animate_fade\" style=\"animation-delay:0.2s\"><a href=\"https:\/\/www.adriaticheights.com\/wp-content\/uploads\/2019\/11\/1-1b-1.jpg\" ref=\"magnificPopup\" aria-label=\"Ba\u011flant\u0131\" class=\"w-image-h\"><img width=\"1024\" height=\"500\" src=\"https:\/\/www.adriaticheights.com\/wp-content\/uploads\/2019\/11\/1-1b-1.jpg\" class=\"attachment-large size-large\" alt=\"\" loading=\"lazy\" srcset=\"https:\/\/www.adriaticheights.com\/wp-content\/uploads\/2019\/11\/1-1b-1.jpg 1024w, https:\/\/www.adriaticheights.com\/wp-content\/uploads\/2019\/11\/1-1b-1-300x146.jpg 300w, https:\/\/www.adriaticheights.com\/wp-content\/uploads\/2019\/11\/1-1b-1-600x293.jpg 600w\" sizes=\"(max-width: 1024px) 100vw, 1024px\" \/><\/a><\/div><\/div><\/div><\/div><\/div><div class=\"g-cols wpb_row  type_default valign_top vc_inner\"><div class=\"vc_col-sm-12 wpb_column vc_column_container\"><div class=\"vc_column-inner\"><div class=\"wpb_wrapper\"><div class=\"w-image align_center animate_fade\" style=\"animation-delay:0.2s\"><a href=\"https:\/\/www.adriaticheights.com\/wp-content\/uploads\/2019\/11\/1-1c-1.jpg\" ref=\"magnificPopup\" aria-label=\"Ba\u011flant\u0131\" class=\"w-image-h\"><img width=\"1024\" height=\"500\" src=\"https:\/\/www.adriaticheights.com\/wp-content\/uploads\/2019\/11\/1-1c-1.jpg\" class=\"attachment-large size-large\" alt=\"\" loading=\"lazy\" srcset=\"https:\/\/www.adriaticheights.com\/wp-content\/uploads\/2019\/11\/1-1c-1.jpg 1024w, https:\/\/www.adriaticheights.com\/wp-content\/uploads\/2019\/11\/1-1c-1-300x146.jpg 300w, https:\/\/www.adriaticheights.com\/wp-content\/uploads\/2019\/11\/1-1c-1-600x293.jpg 600w\" sizes=\"(max-width: 1024px) 100vw, 1024px\" \/><\/a><\/div><\/div><\/div><\/div><\/div><div class=\"g-cols wpb_row  type_default valign_top vc_inner\"><div class=\"vc_col-sm-12 wpb_column vc_column_container\"><div class=\"vc_column-inner\"><div class=\"wpb_wrapper\"><div class=\"w-image align_center animate_fade\" style=\"animation-delay:0.2s\"><a href=\"https:\/\/www.adriaticheights.com\/wp-content\/uploads\/2019\/11\/1-1d-1.jpg\" ref=\"magnificPopup\" aria-label=\"Ba\u011flant\u0131\" class=\"w-image-h\"><img width=\"1024\" height=\"500\" src=\"https:\/\/www.adriaticheights.com\/wp-content\/uploads\/2019\/11\/1-1d-1.jpg\" class=\"attachment-large size-large\" alt=\"\" loading=\"lazy\" srcset=\"https:\/\/www.adriaticheights.com\/wp-content\/uploads\/2019\/11\/1-1d-1.jpg 1024w, https:\/\/www.adriaticheights.com\/wp-content\/uploads\/2019\/11\/1-1d-1-300x146.jpg 300w, https:\/\/www.adriaticheights.com\/wp-content\/uploads\/2019\/11\/1-1d-1-600x293.jpg 600w\" sizes=\"(max-width: 1024px) 100vw, 1024px\" \/><\/a><\/div><\/div><\/div><\/div><\/div><div class=\"g-cols wpb_row  type_default valign_top vc_inner\"><div class=\"vc_col-sm-12 wpb_column vc_column_container\"><div class=\"vc_column-inner\"><div class=\"wpb_wrapper\"><div class=\"w-image align_center animate_fade\" style=\"animation-delay:0.2s\"><a href=\"https:\/\/www.adriaticheights.com\/wp-content\/uploads\/2019\/11\/1-1e-1.jpg\" ref=\"magnificPopup\" aria-label=\"Ba\u011flant\u0131\" class=\"w-image-h\"><img width=\"1024\" height=\"500\" src=\"https:\/\/www.adriaticheights.com\/wp-content\/uploads\/2019\/11\/1-1e-1.jpg\" class=\"attachment-large size-large\" alt=\"\" loading=\"lazy\" srcset=\"https:\/\/www.adriaticheights.com\/wp-content\/uploads\/2019\/11\/1-1e-1.jpg 1024w, https:\/\/www.adriaticheights.com\/wp-content\/uploads\/2019\/11\/1-1e-1-300x146.jpg 300w, https:\/\/www.adriaticheights.com\/wp-content\/uploads\/2019\/11\/1-1e-1-600x293.jpg 600w\" sizes=\"(max-width: 1024px) 100vw, 1024px\" \/><\/a><\/div><\/div><\/div><\/div><\/div><div class=\"g-cols wpb_row  type_default valign_top vc_inner\"><div class=\"vc_col-sm-12 wpb_column vc_column_container\"><div class=\"vc_column-inner\"><div class=\"wpb_wrapper\"><div class=\"w-image align_center animate_fade\" style=\"animation-delay:0.2s\"><a href=\"https:\/\/www.adriaticheights.com\/wp-content\/uploads\/2019\/11\/1-1f-1.jpg\" ref=\"magnificPopup\" aria-label=\"Ba\u011flant\u0131\" class=\"w-image-h\"><img width=\"1024\" height=\"500\" src=\"https:\/\/www.adriaticheights.com\/wp-content\/uploads\/2019\/11\/1-1f-1.jpg\" class=\"attachment-large size-large\" alt=\"\" loading=\"lazy\" srcset=\"https:\/\/www.adriaticheights.com\/wp-content\/uploads\/2019\/11\/1-1f-1.jpg 1024w, https:\/\/www.adriaticheights.com\/wp-content\/uploads\/2019\/11\/1-1f-1-300x146.jpg 300w, https:\/\/www.adriaticheights.com\/wp-content\/uploads\/2019\/11\/1-1f-1-600x293.jpg 600w\" sizes=\"(max-width: 1024px) 100vw, 1024px\" \/><\/a><\/div><\/div><\/div><\/div><\/div><div class=\"g-cols wpb_row  type_default valign_top vc_inner\"><div class=\"vc_col-sm-12 wpb_column vc_column_container\"><div class=\"vc_column-inner\"><div class=\"wpb_wrapper\"><div class=\"w-image align_center animate_fade\" style=\"animation-delay:0.2s\"><a href=\"https:\/\/www.adriaticheights.com\/wp-content\/uploads\/2019\/11\/sa.jpg\" ref=\"magnificPopup\" aria-label=\"Ba\u011flant\u0131\" class=\"w-image-h\"><img width=\"1024\" height=\"500\" src=\"https:\/\/www.adriaticheights.com\/wp-content\/uploads\/2019\/11\/sa.jpg\" class=\"attachment-large size-large\" alt=\"\" loading=\"lazy\" srcset=\"https:\/\/www.adriaticheights.com\/wp-content\/uploads\/2019\/11\/sa.jpg 1024w, https:\/\/www.adriaticheights.com\/wp-content\/uploads\/2019\/11\/sa-300x146.jpg 300w, https:\/\/www.adriaticheights.com\/wp-content\/uploads\/2019\/11\/sa-600x293.jpg 600w\" sizes=\"(max-width: 1024px) 100vw, 1024px\" \/><\/a><\/div><\/div><\/div><\/div><\/div><div class=\"g-cols wpb_row  type_default valign_top vc_inner\"><div class=\"vc_col-sm-12 wpb_column vc_column_container\"><div class=\"vc_column-inner\"><div class=\"wpb_wrapper\"><div class=\"w-image align_center animate_fade\" style=\"animation-delay:0.2s\"><a href=\"https:\/\/www.adriaticheights.com\/wp-content\/uploads\/2019\/11\/Sb-1.jpg\" ref=\"magnificPopup\" aria-label=\"Ba\u011flant\u0131\" class=\"w-image-h\"><img width=\"1024\" height=\"500\" src=\"https:\/\/www.adriaticheights.com\/wp-content\/uploads\/2019\/11\/Sb-1.jpg\" class=\"attachment-large size-large\" alt=\"\" loading=\"lazy\" srcset=\"https:\/\/www.adriaticheights.com\/wp-content\/uploads\/2019\/11\/Sb-1.jpg 1024w, https:\/\/www.adriaticheights.com\/wp-content\/uploads\/2019\/11\/Sb-1-300x146.jpg 300w, https:\/\/www.adriaticheights.com\/wp-content\/uploads\/2019\/11\/Sb-1-600x293.jpg 600w\" sizes=\"(max-width: 1024px) 100vw, 1024px\" \/><\/a><\/div><\/div><\/div><\/div><\/div><div class=\"g-cols wpb_row  type_default valign_top vc_inner\"><div class=\"vc_col-sm-12 wpb_column vc_column_container\"><div class=\"vc_column-inner\"><div class=\"wpb_wrapper\"><div class=\"w-image align_center animate_fade\" style=\"animation-delay:0.2s\"><a href=\"https:\/\/www.adriaticheights.com\/wp-content\/uploads\/2019\/11\/Sc-1.jpg\" ref=\"magnificPopup\" aria-label=\"Ba\u011flant\u0131\" class=\"w-image-h\"><img width=\"1024\" height=\"500\" src=\"https:\/\/www.adriaticheights.com\/wp-content\/uploads\/2019\/11\/Sc-1.jpg\" class=\"attachment-large size-large\" alt=\"\" loading=\"lazy\" srcset=\"https:\/\/www.adriaticheights.com\/wp-content\/uploads\/2019\/11\/Sc-1.jpg 1024w, https:\/\/www.adriaticheights.com\/wp-content\/uploads\/2019\/11\/Sc-1-300x146.jpg 300w, https:\/\/www.adriaticheights.com\/wp-content\/uploads\/2019\/11\/Sc-1-600x293.jpg 600w\" sizes=\"(max-width: 1024px) 100vw, 1024px\" \/><\/a><\/div><\/div><\/div><\/div><\/div><div class=\"g-cols wpb_row  type_default valign_top vc_inner\"><div class=\"vc_col-sm-12 wpb_column vc_column_container\"><div class=\"vc_column-inner\"><div class=\"wpb_wrapper\"><div class=\"w-image align_center animate_fade\" style=\"animation-delay:0.2s\"><a href=\"https:\/\/www.adriaticheights.com\/wp-content\/uploads\/2019\/11\/Sd-1.jpg\" ref=\"magnificPopup\" aria-label=\"Ba\u011flant\u0131\" class=\"w-image-h\"><img width=\"1024\" height=\"500\" src=\"https:\/\/www.adriaticheights.com\/wp-content\/uploads\/2019\/11\/Sd-1.jpg\" class=\"attachment-large size-large\" alt=\"\" loading=\"lazy\" srcset=\"https:\/\/www.adriaticheights.com\/wp-content\/uploads\/2019\/11\/Sd-1.jpg 1024w, https:\/\/www.adriaticheights.com\/wp-content\/uploads\/2019\/11\/Sd-1-300x146.jpg 300w, https:\/\/www.adriaticheights.com\/wp-content\/uploads\/2019\/11\/Sd-1-600x293.jpg 600w\" sizes=\"(max-width: 1024px) 100vw, 1024px\" \/><\/a><\/div><\/div><\/div><\/div><\/div><\/div><\/div><\/div><\/div><\/div><\/section><section class=\"l-section wpb_row height_medium color_primary\"><div class=\"l-section-h i-cf\"><div class=\"g-cols vc_row type_default valign_top\"><div class=\"vc_col-sm-12 wpb_column vc_column_container\"><div class=\"vc_column-inner\"><div class=\"wpb_wrapper\"><div class=\"w-actionbox color_primary controls_right\"><div class=\"w-actionbox-text\"><h3>Yeni bir ya\u015fam tarz\u0131na haz\u0131r m\u0131s\u0131n\u0131z?<\/h3><\/div><div class=\"w-actionbox-controls\"><a class=\"w-btn us-btn-style_4 icon_atright\" href=\"https:\/\/www.adriaticheights.com\/tr\/bize-ulasin\/\" style=\"font-size:20px;\"><span class=\"w-btn-label\">Bize Ula\u015f\u0131n<\/span><i class=\"fas fa-caret-right\"><\/i><\/a><\/div><\/div><\/div><\/div><\/div><\/div><\/div><\/section>\n","protected":false},"excerpt":{"rendered":"[vc_custom_heading text=\"Kat Planlar\u0131\" font_container=\"tag:h1|font_size:60|text_align:center\" use_theme_fonts=\"yes\"]L\u00fcks bir ya\u015fam tarz\u0131yla ger\u00e7ek kalitede daireler sunan Adriatic Heights&#8217;\u0131 sunmaktan gurur duyuyoruz! &#8220;Avrupa&#8217;n\u0131n incisi&#8221; olarak bilinen Montenegro&#8217;da size gelecek i\u00e7in g\u00fc\u00e7l\u00fc yat\u0131r\u0131mlar\u0131 ve an\u0131nda kazan\u00e7 potansiyelini sunuyor. Resmi olarak Mart 2019\u2019da piyasaya s\u00fcr\u00fclecek olan projemiz ile ilgili \u015fimdi Lansman \u00f6ncesi fiyatlar\u0131ndan yararlanmak i\u00e7in m\u00fckemmel bir zaman. E\u015fsiz konumu ile yat\u0131r\u0131mc\u0131lara...","protected":false},"author":1,"featured_media":0,"parent":0,"menu_order":0,"comment_status":"closed","ping_status":"closed","template":"","meta":[],"_links":{"self":[{"href":"https:\/\/www.adriaticheights.com\/tr\/wp-json\/wp\/v2\/pages\/6660"}],"collection":[{"href":"https:\/\/www.adriaticheights.com\/tr\/wp-json\/wp\/v2\/pages"}],"about":[{"href":"https:\/\/www.adriaticheights.com\/tr\/wp-json\/wp\/v2\/types\/page"}],"author":[{"embeddable":true,"href":"https:\/\/www.adriaticheights.com\/tr\/wp-json\/wp\/v2\/users\/1"}],"replies":[{"embeddable":true,"href":"https:\/\/www.adriaticheights.com\/tr\/wp-json\/wp\/v2\/comments?post=6660"}],"version-history":[{"count":14,"href":"https:\/\/www.adriaticheights.com\/tr\/wp-json\/wp\/v2\/pages\/6660\/revisions"}],"predecessor-version":[{"id":6797,"href":"https:\/\/www.adriaticheights.com\/tr\/wp-json\/wp\/v2\/pages\/6660\/revisions\/6797"}],"wp:attachment":[{"href":"https:\/\/www.adriaticheights.com\/tr\/wp-json\/wp\/v2\/media?parent=6660"}],"curies":[{"name":"wp","href":"https:\/\/api.w.org\/{rel}","templated":true}]}}