{"id":6655,"date":"2013-05-31T11:57:37","date_gmt":"2013-05-31T08:57:37","guid":{"rendered":"https:\/\/www.adriaticheights.com\/about-the-project\/"},"modified":"2020-04-04T18:33:54","modified_gmt":"2020-04-04T15:33:54","slug":"proje-hakkinda","status":"publish","type":"page","link":"https:\/\/www.adriaticheights.com\/tr\/proje-hakkinda\/","title":{"rendered":"Proje Hakk\u0131nda"},"content":{"rendered":"<section class=\"l-section wpb_row height_huge color_primary with_img parallax_ver with_overlay\"><div class=\"l-section-img\" style=\"background-image: url(https:\/\/www.adriaticheights.com\/wp-content\/uploads\/2018\/12\/6-adriatic_heights_montenegro.jpg);\" data-img-width=\"1920\" data-img-height=\"1152\"><\/div><div class=\"l-section-overlay\" style=\"background: rgba(30,30,30,0.5)\"><\/div><div class=\"l-section-h i-cf\"><div class=\"g-cols vc_row type_default valign_top\"><div class=\"vc_col-sm-12 wpb_column vc_column_container\"><div class=\"vc_column-inner\"><div class=\"wpb_wrapper\">[vc_custom_heading text=&#8221;<strong>Adriatic Heights<\/strong>&#8221; font_container=&#8221;tag:h1|font_size:60|text_align:center&#8221; use_theme_fonts=&#8221;yes&#8221; css=&#8221;%7B%22default%22%3A%7B%22font-size%22%3A%2260%22%7D%7D&#8221;]<div class=\"w-separator size_medium\"><\/div><\/div><\/div><\/div><\/div><\/div><\/section><section class=\"l-section wpb_row height_medium\"><div class=\"l-section-h i-cf\"><div class=\"g-cols vc_row type_default valign_top\"><div class=\"vc_col-sm-12 wpb_column vc_column_container\"><div class=\"vc_column-inner\"><div class=\"wpb_wrapper\"><div class=\"wpb_text_column\" ><div class=\"wpb_wrapper\"><p class=\"p1\">Adriatic Heights, Porto Montenegro yat\u00e7\u0131l\u0131k cenneti ile tarihi eski Kotor kenti aras\u0131nda m\u00fckemmel bir konumda yer almaktad\u0131r ve Tivat havaalan\u0131 (2km) ile kolay ula\u015f\u0131m imkan\u0131na sahiptir.<\/p>\n<p class=\"p1\">Buradan, el de\u011fmemi\u015f Adriyatik Denizi&#8217;ndeki muhte\u015fem g\u00fcn bat\u0131m\u0131n\u0131 seyredebilirsiniz. Da\u011f esintisi ise havay\u0131 kara \u00e7am\u0131n tatl\u0131 parf\u00fcm\u00fcyle doldurmaktad\u0131r.<\/p>\n<p class=\"p1\">Mart 2019\u2019da piyasaya s\u00fcr\u00fcl\u00fcyor &#8211; \u015fimdi bu ikonik geli\u015fimin lansman \u00f6ncesi fiyatlar\u0131ndan yararlanmak i\u00e7in m\u00fckemmel bir zaman.<\/p>\n<\/div><\/div><div class=\"w-separator size_small\"><\/div><div class=\"wpb_text_column\" ><div class=\"wpb_wrapper\"><p class=\"p1\">Burada Temmuz ve A\u011fustos aylar\u0131nda 28\u00b0C&#8217;ye ula\u015fan \u0131l\u0131man bir hava ile her sene yakla\u015f\u0131k 240 g\u00fcn g\u00fcne\u015fli bir yerde ya\u015famak garantidir.<\/p>\n<p class=\"p1\">Konut sakinlerinin bir k\u0131sm\u0131 ortak y\u00fczme havuzu da dahil olmak \u00fczere yerle\u015fimin sundu\u011fu olanaklar\u0131n keyfini \u00e7\u0131kart\u0131rken, kimi de bu muhte\u015fem g\u00fczellikteki yerde kendi k\u00fc\u00e7\u00fck cennet par\u00e7alar\u0131n\u0131 ararken kumlu plajlar\u0131, tenha koylar\u0131 ve k\u0131vr\u0131ml\u0131 k\u0131y\u0131lar\u0131 ke\u015ffetmek isteyeceklerdir.<\/p>\n<\/div><\/div><div class=\"w-separator size_small\"><\/div><div class=\"wpb_text_column\" ><div class=\"wpb_wrapper\"><p class=\"p1\">Adriatic Heights&#8217;\u0131n da\u011fl\u0131k konumu, do\u011fa severlere azametli y\u00fcksek yaylalar\u0131, vadilerdeki nehirleri ve buzul g\u00f6lleri ile g\u00f6rkemli bir a\u015f\u0131r\u0131 u\u00e7lar \u00fclkesini sunmaktad\u0131r. Durmitor&#8217;daki en y\u00fcksek da\u011f\u0131 olan Bobotov Kuk, 2000 metreden fazla zirve yapar ve kayak\u00e7\u0131lar ve y\u00fcr\u00fcy\u00fc\u015f\u00e7\u00fcler i\u00e7in k\u0131\u015f mevsiminde bir harikalar diyar\u0131 sunar.<\/p>\n<p class=\"p1\">Montenegro, uzun ve renkli bir tarihe sahiptir ve gelenek, mit ve antik arkeolojiden olu\u015fan zengin doku sunmaktad\u0131r.<\/p>\n<\/div><\/div><div class=\"w-separator size_medium\"><\/div><div class=\"g-cols wpb_row  type_default valign_top vc_inner\"><div class=\"vc_col-sm-4 wpb_column vc_column_container\"><div class=\"vc_column-inner\"><div class=\"wpb_wrapper\"><div class=\"w-image align_none animate_fade\" style=\"animation-delay:0.2s\"><a href=\"https:\/\/www.adriaticheights.com\/wp-content\/uploads\/2020\/04\/homein-montenegro-adriatic-heights-new-1.jpg\" ref=\"magnificPopup\" aria-label=\"Ba\u011flant\u0131\" class=\"w-image-h\"><img width=\"1024\" height=\"614\" src=\"https:\/\/www.adriaticheights.com\/wp-content\/uploads\/2020\/04\/homein-montenegro-adriatic-heights-new-1-1024x614.jpg\" class=\"attachment-large size-large\" alt=\"Adriatic Heights\" loading=\"lazy\" srcset=\"https:\/\/www.adriaticheights.com\/wp-content\/uploads\/2020\/04\/homein-montenegro-adriatic-heights-new-1-1024x614.jpg 1024w, https:\/\/www.adriaticheights.com\/wp-content\/uploads\/2020\/04\/homein-montenegro-adriatic-heights-new-1-300x180.jpg 300w, https:\/\/www.adriaticheights.com\/wp-content\/uploads\/2020\/04\/homein-montenegro-adriatic-heights-new-1-1536x922.jpg 1536w, https:\/\/www.adriaticheights.com\/wp-content\/uploads\/2020\/04\/homein-montenegro-adriatic-heights-new-1-600x360.jpg 600w, https:\/\/www.adriaticheights.com\/wp-content\/uploads\/2020\/04\/homein-montenegro-adriatic-heights-new-1.jpg 1920w\" sizes=\"(max-width: 1024px) 100vw, 1024px\" \/><\/a><\/div><\/div><\/div><\/div><div class=\"vc_col-sm-4 wpb_column vc_column_container\"><div class=\"vc_column-inner\"><div class=\"wpb_wrapper\"><div class=\"w-image align_none animate_fade\" style=\"animation-delay:0.2s\"><a href=\"https:\/\/www.adriaticheights.com\/wp-content\/uploads\/2020\/04\/homein-montenegro-adriatic-heights-new-2.jpg\" ref=\"magnificPopup\" aria-label=\"Ba\u011flant\u0131\" class=\"w-image-h\"><img width=\"1024\" height=\"614\" src=\"https:\/\/www.adriaticheights.com\/wp-content\/uploads\/2020\/04\/homein-montenegro-adriatic-heights-new-2-1024x614.jpg\" class=\"attachment-large size-large\" alt=\"Adriatic Heights\" loading=\"lazy\" srcset=\"https:\/\/www.adriaticheights.com\/wp-content\/uploads\/2020\/04\/homein-montenegro-adriatic-heights-new-2-1024x614.jpg 1024w, https:\/\/www.adriaticheights.com\/wp-content\/uploads\/2020\/04\/homein-montenegro-adriatic-heights-new-2-300x180.jpg 300w, https:\/\/www.adriaticheights.com\/wp-content\/uploads\/2020\/04\/homein-montenegro-adriatic-heights-new-2-1536x922.jpg 1536w, https:\/\/www.adriaticheights.com\/wp-content\/uploads\/2020\/04\/homein-montenegro-adriatic-heights-new-2-600x360.jpg 600w, https:\/\/www.adriaticheights.com\/wp-content\/uploads\/2020\/04\/homein-montenegro-adriatic-heights-new-2.jpg 1920w\" sizes=\"(max-width: 1024px) 100vw, 1024px\" \/><\/a><\/div><\/div><\/div><\/div><div class=\"vc_col-sm-4 wpb_column vc_column_container\"><div class=\"vc_column-inner\"><div class=\"wpb_wrapper\"><div class=\"w-image align_none animate_fade\" style=\"animation-delay:0.2s\"><a href=\"https:\/\/www.adriaticheights.com\/wp-content\/uploads\/2020\/04\/homein-montenegro-adriatic-heights-new-3.jpg\" ref=\"magnificPopup\" aria-label=\"Ba\u011flant\u0131\" class=\"w-image-h\"><img width=\"1024\" height=\"614\" src=\"https:\/\/www.adriaticheights.com\/wp-content\/uploads\/2020\/04\/homein-montenegro-adriatic-heights-new-3-1024x614.jpg\" class=\"attachment-large size-large\" alt=\"Adriatic Heights\" loading=\"lazy\" srcset=\"https:\/\/www.adriaticheights.com\/wp-content\/uploads\/2020\/04\/homein-montenegro-adriatic-heights-new-3-1024x614.jpg 1024w, https:\/\/www.adriaticheights.com\/wp-content\/uploads\/2020\/04\/homein-montenegro-adriatic-heights-new-3-300x180.jpg 300w, https:\/\/www.adriaticheights.com\/wp-content\/uploads\/2020\/04\/homein-montenegro-adriatic-heights-new-3-1536x922.jpg 1536w, https:\/\/www.adriaticheights.com\/wp-content\/uploads\/2020\/04\/homein-montenegro-adriatic-heights-new-3-600x360.jpg 600w, https:\/\/www.adriaticheights.com\/wp-content\/uploads\/2020\/04\/homein-montenegro-adriatic-heights-new-3.jpg 1920w\" sizes=\"(max-width: 1024px) 100vw, 1024px\" \/><\/a><\/div><\/div><\/div><\/div><\/div><div class=\"w-separator size_medium\"><\/div><div class=\"g-cols wpb_row  type_default valign_top vc_inner\"><div class=\"vc_col-sm-4 wpb_column vc_column_container\"><div class=\"vc_column-inner\"><div class=\"wpb_wrapper\"><div class=\"w-image align_none animate_fade\" style=\"animation-delay:0.2s\"><a href=\"https:\/\/www.adriaticheights.com\/wp-content\/uploads\/2020\/04\/homein-montenegro-adriatic-heights-new-4.jpg\" ref=\"magnificPopup\" aria-label=\"Ba\u011flant\u0131\" class=\"w-image-h\"><img width=\"1024\" height=\"614\" src=\"https:\/\/www.adriaticheights.com\/wp-content\/uploads\/2020\/04\/homein-montenegro-adriatic-heights-new-4-1024x614.jpg\" class=\"attachment-large size-large\" alt=\"Adriatic Heights\" loading=\"lazy\" srcset=\"https:\/\/www.adriaticheights.com\/wp-content\/uploads\/2020\/04\/homein-montenegro-adriatic-heights-new-4-1024x614.jpg 1024w, https:\/\/www.adriaticheights.com\/wp-content\/uploads\/2020\/04\/homein-montenegro-adriatic-heights-new-4-300x180.jpg 300w, https:\/\/www.adriaticheights.com\/wp-content\/uploads\/2020\/04\/homein-montenegro-adriatic-heights-new-4-1536x922.jpg 1536w, https:\/\/www.adriaticheights.com\/wp-content\/uploads\/2020\/04\/homein-montenegro-adriatic-heights-new-4-600x360.jpg 600w, https:\/\/www.adriaticheights.com\/wp-content\/uploads\/2020\/04\/homein-montenegro-adriatic-heights-new-4.jpg 1920w\" sizes=\"(max-width: 1024px) 100vw, 1024px\" \/><\/a><\/div><\/div><\/div><\/div><div class=\"vc_col-sm-4 wpb_column vc_column_container\"><div class=\"vc_column-inner\"><div class=\"wpb_wrapper\"><div class=\"w-image align_none animate_fade\" style=\"animation-delay:0.2s\"><a href=\"https:\/\/www.adriaticheights.com\/wp-content\/uploads\/2020\/04\/homein-montenegro-adriatic-heights-new-5.jpg\" ref=\"magnificPopup\" aria-label=\"Ba\u011flant\u0131\" class=\"w-image-h\"><img width=\"1024\" height=\"614\" src=\"https:\/\/www.adriaticheights.com\/wp-content\/uploads\/2020\/04\/homein-montenegro-adriatic-heights-new-5-1024x614.jpg\" class=\"attachment-large size-large\" alt=\"Adriatic Heights\" loading=\"lazy\" srcset=\"https:\/\/www.adriaticheights.com\/wp-content\/uploads\/2020\/04\/homein-montenegro-adriatic-heights-new-5-1024x614.jpg 1024w, https:\/\/www.adriaticheights.com\/wp-content\/uploads\/2020\/04\/homein-montenegro-adriatic-heights-new-5-300x180.jpg 300w, https:\/\/www.adriaticheights.com\/wp-content\/uploads\/2020\/04\/homein-montenegro-adriatic-heights-new-5-1536x922.jpg 1536w, https:\/\/www.adriaticheights.com\/wp-content\/uploads\/2020\/04\/homein-montenegro-adriatic-heights-new-5-600x360.jpg 600w, https:\/\/www.adriaticheights.com\/wp-content\/uploads\/2020\/04\/homein-montenegro-adriatic-heights-new-5.jpg 1920w\" sizes=\"(max-width: 1024px) 100vw, 1024px\" \/><\/a><\/div><\/div><\/div><\/div><div class=\"vc_col-sm-4 wpb_column vc_column_container\"><div class=\"vc_column-inner\"><div class=\"wpb_wrapper\"><div class=\"w-image align_none animate_fade\" style=\"animation-delay:0.2s\"><a href=\"https:\/\/www.adriaticheights.com\/wp-content\/uploads\/2020\/04\/homein-montenegro-adriatic-heights-new-6.jpg\" ref=\"magnificPopup\" aria-label=\"Ba\u011flant\u0131\" class=\"w-image-h\"><img width=\"1024\" height=\"614\" src=\"https:\/\/www.adriaticheights.com\/wp-content\/uploads\/2020\/04\/homein-montenegro-adriatic-heights-new-6-1024x614.jpg\" class=\"attachment-large size-large\" alt=\"Adriatic Heights\" loading=\"lazy\" srcset=\"https:\/\/www.adriaticheights.com\/wp-content\/uploads\/2020\/04\/homein-montenegro-adriatic-heights-new-6-1024x614.jpg 1024w, https:\/\/www.adriaticheights.com\/wp-content\/uploads\/2020\/04\/homein-montenegro-adriatic-heights-new-6-300x180.jpg 300w, https:\/\/www.adriaticheights.com\/wp-content\/uploads\/2020\/04\/homein-montenegro-adriatic-heights-new-6-1536x922.jpg 1536w, https:\/\/www.adriaticheights.com\/wp-content\/uploads\/2020\/04\/homein-montenegro-adriatic-heights-new-6-600x360.jpg 600w, https:\/\/www.adriaticheights.com\/wp-content\/uploads\/2020\/04\/homein-montenegro-adriatic-heights-new-6.jpg 1920w\" sizes=\"(max-width: 1024px) 100vw, 1024px\" \/><\/a><\/div><\/div><\/div><\/div><\/div><\/div><\/div><\/div><\/div><\/div><\/section><section class=\"l-section wpb_row height_medium\"><div class=\"l-section-h i-cf\"><div class=\"g-cols vc_row type_default valign_top\"><div class=\"vc_col-sm-12 wpb_column vc_column_container\"><div class=\"vc_column-inner\"><div class=\"wpb_wrapper\"><div class=\"wpb_text_column\" ><div class=\"wpb_wrapper\"><h2 style=\"text-align: center;\"><strong>Adriatic Heights &#8211;<\/strong>\u00a0<strong>\u00d6zellikler<\/strong><\/h2>\n<\/div><\/div><div class=\"wpb_text_column\" ><div class=\"wpb_wrapper\"><p>Adriatic Heights, iki uluslararas\u0131 havaalan\u0131, yat dostu mevzuat\u0131 ve h\u0131zl\u0131 b\u00fcy\u00fcyen turizmi ile \u00fcnl\u00fc olan ve hem b\u00fcy\u00fck hem de k\u00fc\u00e7\u00fck uluslararas\u0131 yat\u0131r\u0131mc\u0131lar\u0131 \u00e7eken Montenegro&#8217;nun ekonomik ve turizm patlamas\u0131n\u0131n merkezinde yer al\u0131yor.<\/p>\n<\/div><\/div><div class=\"wpb_text_column\" ><div class=\"wpb_wrapper\"><p class=\"p1\">Adriatic Heights&#8217;tan tarihi sahil kentleri olan Kotor (3km) ve Budva&#8217;y\u0131 (24km) kolayca ke\u015ffedebilirsiniz.<\/p>\n<p class=\"p3\">Kotor, gelenek ve tarihle dolu, ola\u011fan\u00fcst\u00fc manzaralara sahip bir \u015fehir. UNESCO D\u00fcnya Miras\u0131 olarak listelenen eski kent, 12. ve 14. y\u00fczy\u0131llar aras\u0131nda in\u015fa edilmi\u015ftir ve orta\u00e7a\u011f mimarisi ve tarihi an\u0131tlarla doludur. D\u00f6rt kilometre boyunca uzanan ve Kotor&#8217;u y\u00fczy\u0131llarca koruyan surlar, Saint Ivan kalesine \u00e7\u0131kmaktad\u0131r.<\/p>\n<p class=\"p1\">Budva\u2019n\u0131n Eski \u015eehri, 15. y\u00fczy\u0131ldan kalma kale ile birlikte kald\u0131r\u0131m ta\u015f\u0131 d\u00f6\u015feli sokaklardan olu\u015fan Venedik tarz\u0131 bir labirenttir. Yaz aylar\u0131nda \u015fehir g\u00fczel ve modern donan\u0131ml\u0131 plajlar\u0131 ile unutulmaz bir atmosfere sahip olur ve geceleri canlan\u0131r.<\/p>\n<\/div><\/div><div class=\"wpb_text_column\" ><div class=\"wpb_wrapper\"><p>Tivat uluslararas\u0131 havaliman\u0131, bir\u00e7ok Avrupa \u00fclkesinden u\u00e7u\u015f sa\u011flamaktad\u0131r. Adriatic Heights&#8217;a ula\u015f\u0131m\u0131n\u0131z hem h\u0131zl\u0131 hem de rahat.<\/p>\n<\/div><\/div><div class=\"wpb_text_column\" ><div class=\"wpb_wrapper\"><p>Adriatic Heights&#8217;a yat\u0131r\u0131m yapanlar g\u00fcvenli ellerde olacaklar.<br \/>\nMontenegro istikrarl\u0131 ve demokratik bir \u00fclkedir ve siz ve aileniz i\u00e7in harika bir ya\u015fam tarz\u0131 sunmaktad\u0131r.<\/p>\n<p>Adriatic Heights&#8217;ta t\u00fcm de\u011ferli m\u00fc\u015fterilerimize ve yat\u0131r\u0131mc\u0131lar\u0131m\u0131za, t\u00fcm s\u00fcre\u00e7 boyunca profesyonel ve co\u015fkulu bir \u015fekilde rehberlik edece\u011fiz.<\/p>\n<\/div><\/div><div class=\"wpb_text_column\" ><div class=\"wpb_wrapper\"><p><strong>ADR\u0130AT\u0130C HEIGHTS CAZ\u0130P \u00d6ZELL\u0130KLER\u0130<\/strong><\/p>\n<p><strong>* Adriyatik denizinde g\u00fcn bat\u0131m\u0131 manzaral\u0131 havuz.<\/strong><\/p>\n<\/div><\/div><div class=\"wpb_text_column\" ><div class=\"wpb_wrapper\"><p><strong>* Size ve misafirlerinize \u00f6zel resepsiyon hizmeti.<\/strong><\/p>\n<\/div><\/div><div class=\"wpb_text_column\" ><div class=\"wpb_wrapper\"><p><strong>* Size ve konuklar\u0131n\u0131za zaman\u0131n\u0131z\u0131 rahat\u00e7a ge\u00e7irme imkan\u0131 veren temizlik ve \u00e7ama\u015f\u0131rhane hizmeti mevcuttur.<\/strong><\/p>\n<\/div><\/div><div class=\"wpb_text_column\" ><div class=\"wpb_wrapper\"><p><strong>* \u00c7ocu\u011funuzun do\u011fa ile i\u00e7 i\u00e7e rahatl\u0131kla oynayabilece\u011fi \u00f6zel alanlar ve konut park alanlar\u0131.<\/strong><\/p>\n<\/div><\/div><div class=\"wpb_text_column\" ><div class=\"wpb_wrapper\"><p><strong>* St\u00fcdyo, 1 yatak odal\u0131 ve bah\u00e7e kat\u0131 dairelerinin se\u00e7imi.<\/strong><\/p>\n<\/div><\/div><\/div><\/div><\/div><\/div><\/div><\/section><section class=\"l-section wpb_row height_medium color_primary\"><div class=\"l-section-h i-cf\"><div class=\"g-cols vc_row type_default valign_top\"><div class=\"vc_col-sm-12 wpb_column vc_column_container\"><div class=\"vc_column-inner\"><div class=\"wpb_wrapper\"><div class=\"w-actionbox color_primary controls_right\"><div class=\"w-actionbox-text\"><h3>Yeni bir ya\u015fam tarz\u0131na haz\u0131r m\u0131s\u0131n\u0131z?<\/h3><\/div><div class=\"w-actionbox-controls\"><a class=\"w-btn us-btn-style_4 icon_atright\" href=\"https:\/\/www.adriaticheights.com\/tr\/bize-ulasin\/\" style=\"font-size:20px;\"><span class=\"w-btn-label\">Bize Ula\u015f\u0131n<\/span><i class=\"fas fa-caret-right\"><\/i><\/a><\/div><\/div><\/div><\/div><\/div><\/div><\/div><\/section>\n","protected":false},"excerpt":{"rendered":"[vc_custom_heading text=\"Adriatic Heights\" font_container=\"tag:h1|font_size:60|text_align:center\" use_theme_fonts=\"yes\"] Adriatic Heights, Porto Montenegro yat\u00e7\u0131l\u0131k cenneti ile tarihi eski Kotor kenti aras\u0131nda m\u00fckemmel bir konumda yer almaktad\u0131r ve Tivat havaalan\u0131 (2km) ile kolay ula\u015f\u0131m imkan\u0131na sahiptir. Buradan, el de\u011fmemi\u015f Adriyatik Denizi&#8217;ndeki muhte\u015fem g\u00fcn bat\u0131m\u0131n\u0131 seyredebilirsiniz. Da\u011f esintisi ise havay\u0131 kara \u00e7am\u0131n tatl\u0131 parf\u00fcm\u00fcyle doldurmaktad\u0131r. Mart 2019\u2019da piyasaya s\u00fcr\u00fcl\u00fcyor &#8211; \u015fimdi...","protected":false},"author":1,"featured_media":0,"parent":0,"menu_order":0,"comment_status":"closed","ping_status":"closed","template":"","meta":[],"_links":{"self":[{"href":"https:\/\/www.adriaticheights.com\/tr\/wp-json\/wp\/v2\/pages\/6655"}],"collection":[{"href":"https:\/\/www.adriaticheights.com\/tr\/wp-json\/wp\/v2\/pages"}],"about":[{"href":"https:\/\/www.adriaticheights.com\/tr\/wp-json\/wp\/v2\/types\/page"}],"author":[{"embeddable":true,"href":"https:\/\/www.adriaticheights.com\/tr\/wp-json\/wp\/v2\/users\/1"}],"replies":[{"embeddable":true,"href":"https:\/\/www.adriaticheights.com\/tr\/wp-json\/wp\/v2\/comments?post=6655"}],"version-history":[{"count":7,"href":"https:\/\/www.adriaticheights.com\/tr\/wp-json\/wp\/v2\/pages\/6655\/revisions"}],"predecessor-version":[{"id":6821,"href":"https:\/\/www.adriaticheights.com\/tr\/wp-json\/wp\/v2\/pages\/6655\/revisions\/6821"}],"wp:attachment":[{"href":"https:\/\/www.adriaticheights.com\/tr\/wp-json\/wp\/v2\/media?parent=6655"}],"curies":[{"name":"wp","href":"https:\/\/api.w.org\/{rel}","templated":true}]}}