{"id":6652,"date":"2018-12-02T13:08:13","date_gmt":"2018-12-02T10:08:13","guid":{"rendered":"https:\/\/www.adriaticheights.com\/luxury-apartments-holiday-package\/"},"modified":"2019-01-07T20:54:29","modified_gmt":"2019-01-07T17:54:29","slug":"luks-daireler-tatil-paketi","status":"publish","type":"page","link":"https:\/\/www.adriaticheights.com\/tr\/luks-daireler-tatil-paketi\/","title":{"rendered":"L\u00fcks Daireler Tatil Paketi"},"content":{"rendered":"<section class=\"l-section wpb_row height_huge color_primary with_img parallax_ver with_overlay\"><div class=\"l-section-img\" style=\"background-image: url(https:\/\/www.adriaticheights.com\/wp-content\/uploads\/2018\/12\/8-adriatic_heights_montenegro.jpg);\" data-img-width=\"1920\" data-img-height=\"1152\"><\/div><div class=\"l-section-overlay\" style=\"background: rgba(30,30,30,0.5)\"><\/div><div class=\"l-section-h i-cf\"><div class=\"g-cols vc_row type_default valign_top\"><div class=\"vc_col-sm-12 wpb_column vc_column_container\"><div class=\"vc_column-inner\"><div class=\"wpb_wrapper\">[vc_custom_heading text=&#8221;<strong>L\u00fcks Daireler Tatil Paketi<\/strong>&#8221; font_container=&#8221;tag:h1|font_size:60|text_align:center&#8221; use_theme_fonts=&#8221;yes&#8221; css=&#8221;%7B%22default%22%3A%7B%22font-size%22%3A%2260%22%7D%7D&#8221;]<div class=\"w-separator size_medium\"><\/div><\/div><\/div><\/div><\/div><\/div><\/section><section class=\"l-section wpb_row height_medium\"><div class=\"l-section-h i-cf\"><div class=\"g-cols vc_row type_default valign_top\"><div class=\"vc_col-sm-12 wpb_column vc_column_container\"><div class=\"vc_column-inner\"><div class=\"wpb_wrapper\"><div class=\"w-separator size_small\"><\/div><div class=\"wpb_text_column\" ><div class=\"wpb_wrapper\"><p class=\"p1\">Y\u00fcksek emlak yat\u0131r\u0131m art\u0131\u015f\u0131n\u0131n yan\u0131 s\u0131ra, \u00a0kiralama pazar\u0131, \u201cLAHP\u201d Luxury Apartments Holiday Package &#8211; L\u00fcks Daireler Tatil Paketi konseptleri \u00e7ok cazip getiri sunmaktad\u0131r.<\/p>\n<p class=\"p1\">\u00d6nde gelen pazar analizi ve ara\u015ft\u0131rmalar\u0131, Montenegro&#8217;da Kotor ve Tivat b\u00f6lgesindeki tatilcilerden konaklama i\u00e7in net bir talep oldu\u011funu g\u00f6stermektedir.<\/p>\n<p class=\"p1\">Adriatic Heights m\u00fclk sahipleri, uzun vadeli kirac\u0131lara sahip olabilmenin yan\u0131 s\u0131ra, m\u00fclklerini turistlere kiralamak i\u00e7in de ideal f\u0131rsatlara sahip olacaklard\u0131r.<\/p>\n<\/div><\/div><div class=\"w-separator size_small\"><\/div><div class=\"wpb_text_column\" ><div class=\"wpb_wrapper\"><p class=\"p1\">Ayr\u0131ca, m\u00fclk sahipleri halihaz\u0131rda \u0130ngiltere, Rusya, Almanya, \u0130srail, ABD ve di\u011fer bir\u00e7ok \u00fclkedeki kurulu\u015fla kira s\u00f6zle\u015fmeleri yapm\u0131\u015f oldu\u011fumuz profesyonel sistemlerimiz arac\u0131l\u0131\u011f\u0131yla m\u00fclklerini kiraya vermeyi se\u00e7ebilirler.<\/p>\n<p class=\"p1\">Montenegro ayr\u0131ca T\u00fcrkiye de dahil olmak \u00fczere 34 \u00fclkeyle \u00e7ifte vergilendirme anla\u015fmas\u0131na sahiptir ve hi\u00e7bir sermaye limiti s\u00f6z konusu de\u011fildir.<\/p>\n<\/div><\/div><div class=\"w-separator size_medium\"><\/div><div class=\"g-cols wpb_row  type_default valign_top vc_inner\"><div class=\"vc_col-sm-4 wpb_column vc_column_container\"><div class=\"vc_column-inner\"><div class=\"wpb_wrapper\"><div class=\"w-image align_none animate_fade\" style=\"animation-delay:0.2s\"><a href=\"https:\/\/www.adriaticheights.com\/wp-content\/uploads\/2018\/12\/6-adriatic_heights_montenegro.jpg\" ref=\"magnificPopup\" aria-label=\"Ba\u011flant\u0131\" class=\"w-image-h\"><img width=\"1024\" height=\"614\" src=\"https:\/\/www.adriaticheights.com\/wp-content\/uploads\/2018\/12\/6-adriatic_heights_montenegro-1024x614.jpg\" class=\"attachment-large size-large\" alt=\"\" loading=\"lazy\" srcset=\"https:\/\/www.adriaticheights.com\/wp-content\/uploads\/2018\/12\/6-adriatic_heights_montenegro-1024x614.jpg 1024w, https:\/\/www.adriaticheights.com\/wp-content\/uploads\/2018\/12\/6-adriatic_heights_montenegro-300x180.jpg 300w, https:\/\/www.adriaticheights.com\/wp-content\/uploads\/2018\/12\/6-adriatic_heights_montenegro-600x360.jpg 600w, https:\/\/www.adriaticheights.com\/wp-content\/uploads\/2018\/12\/6-adriatic_heights_montenegro.jpg 1920w\" sizes=\"(max-width: 1024px) 100vw, 1024px\" \/><\/a><\/div><\/div><\/div><\/div><div class=\"vc_col-sm-4 wpb_column vc_column_container\"><div class=\"vc_column-inner\"><div class=\"wpb_wrapper\"><div class=\"w-image align_none animate_fade\" style=\"animation-delay:0.2s\"><a href=\"https:\/\/www.adriaticheights.com\/wp-content\/uploads\/2018\/12\/1-adriatic_heights_montenegro.jpg\" ref=\"magnificPopup\" aria-label=\"Ba\u011flant\u0131\" class=\"w-image-h\"><img width=\"1024\" height=\"614\" src=\"https:\/\/www.adriaticheights.com\/wp-content\/uploads\/2018\/12\/1-adriatic_heights_montenegro-1024x614.jpg\" class=\"attachment-large size-large\" alt=\"\" loading=\"lazy\" srcset=\"https:\/\/www.adriaticheights.com\/wp-content\/uploads\/2018\/12\/1-adriatic_heights_montenegro-1024x614.jpg 1024w, https:\/\/www.adriaticheights.com\/wp-content\/uploads\/2018\/12\/1-adriatic_heights_montenegro-300x180.jpg 300w, https:\/\/www.adriaticheights.com\/wp-content\/uploads\/2018\/12\/1-adriatic_heights_montenegro-600x360.jpg 600w, https:\/\/www.adriaticheights.com\/wp-content\/uploads\/2018\/12\/1-adriatic_heights_montenegro.jpg 1920w\" sizes=\"(max-width: 1024px) 100vw, 1024px\" \/><\/a><\/div><\/div><\/div><\/div><div class=\"vc_col-sm-4 wpb_column vc_column_container\"><div class=\"vc_column-inner\"><div class=\"wpb_wrapper\"><div class=\"w-image align_none animate_fade\" style=\"animation-delay:0.2s\"><a href=\"https:\/\/www.adriaticheights.com\/wp-content\/uploads\/2018\/12\/3-adriatic_heights_montenegro.jpg\" ref=\"magnificPopup\" aria-label=\"Ba\u011flant\u0131\" class=\"w-image-h\"><img width=\"1024\" height=\"614\" src=\"https:\/\/www.adriaticheights.com\/wp-content\/uploads\/2018\/12\/3-adriatic_heights_montenegro-1024x614.jpg\" class=\"attachment-large size-large\" alt=\"\" loading=\"lazy\" srcset=\"https:\/\/www.adriaticheights.com\/wp-content\/uploads\/2018\/12\/3-adriatic_heights_montenegro-1024x614.jpg 1024w, https:\/\/www.adriaticheights.com\/wp-content\/uploads\/2018\/12\/3-adriatic_heights_montenegro-300x180.jpg 300w, https:\/\/www.adriaticheights.com\/wp-content\/uploads\/2018\/12\/3-adriatic_heights_montenegro-600x360.jpg 600w, https:\/\/www.adriaticheights.com\/wp-content\/uploads\/2018\/12\/3-adriatic_heights_montenegro.jpg 1980w\" sizes=\"(max-width: 1024px) 100vw, 1024px\" \/><\/a><\/div><\/div><\/div><\/div><\/div><\/div><\/div><\/div><\/div><\/div><\/section><section class=\"l-section wpb_row height_medium color_primary\"><div class=\"l-section-h i-cf\"><div class=\"g-cols vc_row type_default valign_top\"><div class=\"vc_col-sm-12 wpb_column vc_column_container\"><div class=\"vc_column-inner\"><div class=\"wpb_wrapper\"><div class=\"w-actionbox color_primary controls_right\"><div class=\"w-actionbox-text\"><h3>Yeni bir ya\u015fam tarz\u0131na haz\u0131r m\u0131s\u0131n\u0131z?<\/h3><\/div><div class=\"w-actionbox-controls\"><a class=\"w-btn us-btn-style_4 icon_atright\" href=\"https:\/\/www.adriaticheights.com\/tr\/bize-ulasin\/\" style=\"font-size:20px;\"><span class=\"w-btn-label\">Bize Ula\u015f\u0131n<\/span><i class=\"fas fa-caret-right\"><\/i><\/a><\/div><\/div><\/div><\/div><\/div><\/div><\/div><\/section>\n","protected":false},"excerpt":{"rendered":"[vc_custom_heading text=\"L\u00fcks Daireler Tatil Paketi\" font_container=\"tag:h1|font_size:60|text_align:center\" use_theme_fonts=\"yes\"] Y\u00fcksek emlak yat\u0131r\u0131m art\u0131\u015f\u0131n\u0131n yan\u0131 s\u0131ra, \u00a0kiralama pazar\u0131, \u201cLAHP\u201d Luxury Apartments Holiday Package &#8211; L\u00fcks Daireler Tatil Paketi konseptleri \u00e7ok cazip getiri sunmaktad\u0131r. \u00d6nde gelen pazar analizi ve ara\u015ft\u0131rmalar\u0131, Montenegro&#8217;da Kotor ve Tivat b\u00f6lgesindeki tatilcilerden konaklama i\u00e7in net bir talep oldu\u011funu g\u00f6stermektedir. Adriatic Heights m\u00fclk sahipleri, uzun vadeli...","protected":false},"author":1,"featured_media":0,"parent":0,"menu_order":0,"comment_status":"closed","ping_status":"closed","template":"","meta":[],"_links":{"self":[{"href":"https:\/\/www.adriaticheights.com\/tr\/wp-json\/wp\/v2\/pages\/6652"}],"collection":[{"href":"https:\/\/www.adriaticheights.com\/tr\/wp-json\/wp\/v2\/pages"}],"about":[{"href":"https:\/\/www.adriaticheights.com\/tr\/wp-json\/wp\/v2\/types\/page"}],"author":[{"embeddable":true,"href":"https:\/\/www.adriaticheights.com\/tr\/wp-json\/wp\/v2\/users\/1"}],"replies":[{"embeddable":true,"href":"https:\/\/www.adriaticheights.com\/tr\/wp-json\/wp\/v2\/comments?post=6652"}],"version-history":[{"count":8,"href":"https:\/\/www.adriaticheights.com\/tr\/wp-json\/wp\/v2\/pages\/6652\/revisions"}],"predecessor-version":[{"id":6743,"href":"https:\/\/www.adriaticheights.com\/tr\/wp-json\/wp\/v2\/pages\/6652\/revisions\/6743"}],"wp:attachment":[{"href":"https:\/\/www.adriaticheights.com\/tr\/wp-json\/wp\/v2\/media?parent=6652"}],"curies":[{"name":"wp","href":"https:\/\/api.w.org\/{rel}","templated":true}]}}